{"id":456,"date":"2017-06-13T10:54:38","date_gmt":"2017-06-13T10:54:38","guid":{"rendered":"https:\/\/fairdesign.asp.waw.pl\/2018\/?page_id=456"},"modified":"2018-04-22T09:04:22","modified_gmt":"2018-04-22T09:04:22","slug":"call-for-papers","status":"publish","type":"page","link":"https:\/\/fairdesign.asp.waw.pl\/2018\/call-for-papers\/","title":{"rendered":"Call for projects"},"content":{"rendered":"<p>Projektant\u00f3w oraz\u00a0student\u00f3w wydzia\u0142\u00f3w projektowych\u00a0zapraszamy do\u00a0przesy\u0142ania propozycji projekt\u00f3w, kt\u00f3re zostan\u0105 zaprezentowane podczas konferencji FAIR DESIGN 2018 \u2013 Design wobec wyzwa\u0144 wsp\u00f3\u0142czesno\u015bci: NADMIAR.<\/p>\n<p>Prezentacje projekt\u00f3w powinny odnosi\u0107 si\u0119 do\u00a0poni\u017cszych temat\u00f3w:<br \/>\n1. Nadmiar produkt\u00f3w<br \/>\n2. Planowane zu\u017cycie, szybka wymiana rzeczy<br \/>\n3. Prze\u0142adowanie informacjami<br \/>\n4. Nadmiar innowacji<br \/>\n5. Wsp\u00f3\u0142czesna n\u0119dza<br \/>\n6. Przeludnienie<br \/>\n7. Minimalizm<\/p>\n<p>Na\u00a0wyst\u0105pienia \/ prezentacje projekt\u00f3w przewidziany jest czas 10 min.<br \/>\nWszystkie propozycje wyst\u0105pie\u0144 nale\u017cy przesy\u0142a\u0107\u00a0na adres\u00a0<a href=\"mailto:info@fair-design.pl\"><b>info@fair-design.pl<br \/>\n<\/b><\/a><\/p>\n<p><b>Wa\u017cne terminy<br \/>\n<\/b>30.03.2018\u00a0r. \u2013 przes\u0142anie propozycji projektu na\u00a0adres:\u00a0<a href=\"mailto:info@fair-design.pl\"><b>info@fair-design.pl<br \/>\n<\/b><\/a>17.04.2018\u00a0r. \u2013 informacja zwrotna do\u00a0Autor\u00f3w zaakceptowanych zg\u0142osze\u0144<br \/>\n18-19.05.2018\u00a0r. \u2013 termin konferencji<br \/>\n30.05.2015\u00a0r. \u2013 przes\u0142anie gotowego tekstu i\u00a0ilustracji do\u00a0publikacji<\/p>\n<p>Organizatorzy nie pokrywaj\u0105 koszt\u00f3w podr\u00f3\u017cy i zakwaterowania.<\/p>\n<p><strong>Lista os\u00f3b, kt\u00f3rych abstrakty zosta\u0142y zakwalifikowane do konferencji:<\/strong><\/p>\n<p>Zuzanna Gronowicz i\u00a0Barbara Motyli\u0144ska, <em>projektantki<\/em><br \/>\nSzymon Hanczar, <em>Akademia Sztuk Pi\u0119knych we Wroc\u0142awiu (projektant, pracownik naukowy)<\/em><br \/>\nMagdalena Kasprzyca,\u00a0<em>Akademia Sztuk Pi\u0119knych we Wroc\u0142awiu\u00a0(projektant, pracownik naukowy)<\/em><br \/>\nMaciej Konopka, <em>Akademi Sztuk Pi\u0119knych w Warszawie, Wydzia\u0142 Wzornictwa (projektant, pracownik naukowy)<\/em><br \/>\nPiotr Miko\u0142ajczak, <em>Akademia Sztuk Pi\u0119knych w Gda\u0144sku\u00a0(projektant, pracownik naukowy)<\/em><br \/>\nKatarzyna Moszczy\u0144ska,\u00a0<em>Akademia Sztuk Pi\u0119knych w Warszawie, Wydzia\u0142 Wzornictwa (studentka)<\/em><br \/>\nPawe\u0142 Starzec,\u00a0<i>Uniwersytet Warszawski, ISNS (doktorant),\u00a0<\/i><i>Uniwersytet \u015al\u0105ski w Opavie, ITF (student)<\/i><br \/>\nAnna Szlachta,\u00a0<em>Akademia Sztuk Pi\u0119knych w Krakowie, Wydzia\u0142 Form Przemys\u0142owych (studentka)<\/em><br \/>\nMaria Szolc, <em>projektantka<\/em><\/p>\n","protected":false},"excerpt":{"rendered":"<p>Projektant\u00f3w oraz\u00a0student\u00f3w wydzia\u0142\u00f3w projektowych\u00a0zapraszamy do\u00a0przesy\u0142ania propozycji projekt\u00f3w, kt\u00f3re zostan\u0105 zaprezentowane podczas konferencji FAIR DESIGN 2018 \u2013 Design wobec wyzwa\u0144 wsp\u00f3\u0142czesno\u015bci: NADMIAR. Prezentacje projekt\u00f3w powinny odnosi\u0107 si\u0119 do\u00a0poni\u017cszych temat\u00f3w: 1. Nadmiar produkt\u00f3w 2. Planowane zu\u017cycie, szybka wymiana rzeczy 3. Prze\u0142adowanie informacjami 4. Nadmiar innowacji 5. Wsp\u00f3\u0142czesna n\u0119dza 6. Przeludnienie 7. Minimalizm Na\u00a0wyst\u0105pienia \/ prezentacje projekt\u00f3w przewidziany [&hellip;]<\/p>\n","protected":false},"author":1,"featured_media":0,"parent":0,"menu_order":0,"comment_status":"closed","ping_status":"closed","template":"","meta":{"footnotes":""},"class_list":["post-456","page","type-page","status-publish","hentry"],"_links":{"self":[{"href":"https:\/\/fairdesign.asp.waw.pl\/2018\/wp-json\/wp\/v2\/pages\/456","targetHints":{"allow":["GET"]}}],"collection":[{"href":"https:\/\/fairdesign.asp.waw.pl\/2018\/wp-json\/wp\/v2\/pages"}],"about":[{"href":"https:\/\/fairdesign.asp.waw.pl\/2018\/wp-json\/wp\/v2\/types\/page"}],"author":[{"embeddable":true,"href":"https:\/\/fairdesign.asp.waw.pl\/2018\/wp-json\/wp\/v2\/users\/1"}],"replies":[{"embeddable":true,"href":"https:\/\/fairdesign.asp.waw.pl\/2018\/wp-json\/wp\/v2\/comments?post=456"}],"version-history":[{"count":8,"href":"https:\/\/fairdesign.asp.waw.pl\/2018\/wp-json\/wp\/v2\/pages\/456\/revisions"}],"predecessor-version":[{"id":845,"href":"https:\/\/fairdesign.asp.waw.pl\/2018\/wp-json\/wp\/v2\/pages\/456\/revisions\/845"}],"wp:attachment":[{"href":"https:\/\/fairdesign.asp.waw.pl\/2018\/wp-json\/wp\/v2\/media?parent=456"}],"curies":[{"name":"wp","href":"https:\/\/api.w.org\/{rel}","templated":true}]}}