{"id":515,"date":"2017-06-13T19:14:54","date_gmt":"2017-06-13T19:14:54","guid":{"rendered":"https:\/\/fairdesign.asp.waw.pl\/2018\/?page_id=515"},"modified":"2018-04-22T13:31:35","modified_gmt":"2018-04-22T13:31:35","slug":"call-for-papers-en","status":"publish","type":"page","link":"https:\/\/fairdesign.asp.waw.pl\/2018\/call-for-papers-en\/","title":{"rendered":"Call for projects"},"content":{"rendered":"<p>Designers and students of design departments are invited to\u00a0submit project proposals that will be presented during the conference FAIR DESIGN 2018: EXCESS.<\/p>\n<p>Project presentations should refer to\u00a0the following topics:<br \/>\n1. Excess products<br \/>\n2. Planned consumption, quick replacement of things<br \/>\n3. Information overload<br \/>\n4. Excess of innovation<br \/>\n5. Contemporary poverty<br \/>\n6. Overpopulation<br \/>\n7. Minimalism<\/p>\n<p>There are 10 minutes for project speeches \/ presentations.<br \/>\nAll proposals should be sent to\u00a0<a href=\"mailto:info@fair-design.pl\"><b>info@fair-design.pl<\/b><\/a><\/p>\n<p><b>Important dates<br \/>\n<\/b>30\/03\/2018 \u2013 sending the project proposal to\u00a0the following address:\u00a0<a href=\"mailto:info@fair-design.pl\"><b>info@fair-design.pl<br \/>\n<\/b><\/a>17\/04\/2018 \u2013 feedback to\u00a0Authors of accepted applications<br \/>\n18-19\/05\/2018 \u2013 date of the conference<br \/>\n30\/05\/2015 \u2013 sending the finished text and illustrations for publication<\/p>\n<p>Organizers do not cover travel and accommodation costs.<\/p>\n<p><strong>List of authors whose abstracts were\u00a0approved\u00a0for the conference:<\/strong><\/p>\n<p>Zuzanna Gronowicz i\u00a0Barbara Motyli\u0144ska, <em>designers<\/em><br \/>\nSzymon Hanczar, <em>Akademia Sztuk Pi\u0119knych we Wroc\u0142awiu (designer, academic lecturer)<\/em><br \/>\nMagdalena Kasprzyca,\u00a0<em>Akademia Sztuk Pi\u0119knych we Wroc\u0142awiu (designer, academic lecturer)<\/em><br \/>\nMaciej Konopka, <em>Akademi Sztuk Pi\u0119knych w Warszawie, Wydzia\u0142 Wzornictwa (designer, academic lecturer)<\/em><br \/>\nPiotr Miko\u0142ajczak, <em>Akademia Sztuk Pi\u0119knych w Gda\u0144sku (designer, academic lecturer)<\/em><br \/>\nKatarzyna Moszczy\u0144ska,\u00a0<em>Akademia Sztuk Pi\u0119knych w Warszawie, Wydzia\u0142 Wzornictwa (student)<\/em><br \/>\nPawe\u0142 Starzec,\u00a0<i>Uniwersytet Warszawski, ISNS (PhD student),\u00a0<\/i><i>Uniwersytet \u015al\u0105ski w Opavie, ITF (student)<\/i><br \/>\nAnna Szlachta,\u00a0<em>Akademia Sztuk Pi\u0119knych w Krakowie, Wydzia\u0142 Form Przemys\u0142owych (student)<\/em><br \/>\nMaria Szolc, <em>designer<\/em><\/p>\n","protected":false},"excerpt":{"rendered":"<p>Designers and students of design departments are invited to\u00a0submit project proposals that will be presented during the conference FAIR DESIGN 2018: EXCESS. Project presentations should refer to\u00a0the following topics: 1. Excess products 2. Planned consumption, quick replacement of things 3. Information overload 4. Excess of innovation 5. Contemporary poverty 6. Overpopulation 7. Minimalism There are [&hellip;]<\/p>\n","protected":false},"author":1,"featured_media":0,"parent":0,"menu_order":0,"comment_status":"closed","ping_status":"closed","template":"","meta":{"footnotes":""},"class_list":["post-515","page","type-page","status-publish","hentry"],"_links":{"self":[{"href":"https:\/\/fairdesign.asp.waw.pl\/2018\/wp-json\/wp\/v2\/pages\/515","targetHints":{"allow":["GET"]}}],"collection":[{"href":"https:\/\/fairdesign.asp.waw.pl\/2018\/wp-json\/wp\/v2\/pages"}],"about":[{"href":"https:\/\/fairdesign.asp.waw.pl\/2018\/wp-json\/wp\/v2\/types\/page"}],"author":[{"embeddable":true,"href":"https:\/\/fairdesign.asp.waw.pl\/2018\/wp-json\/wp\/v2\/users\/1"}],"replies":[{"embeddable":true,"href":"https:\/\/fairdesign.asp.waw.pl\/2018\/wp-json\/wp\/v2\/comments?post=515"}],"version-history":[{"count":7,"href":"https:\/\/fairdesign.asp.waw.pl\/2018\/wp-json\/wp\/v2\/pages\/515\/revisions"}],"predecessor-version":[{"id":864,"href":"https:\/\/fairdesign.asp.waw.pl\/2018\/wp-json\/wp\/v2\/pages\/515\/revisions\/864"}],"wp:attachment":[{"href":"https:\/\/fairdesign.asp.waw.pl\/2018\/wp-json\/wp\/v2\/media?parent=515"}],"curies":[{"name":"wp","href":"https:\/\/api.w.org\/{rel}","templated":true}]}}